{"id":2177,"date":"2024-02-28T11:49:24","date_gmt":"2024-02-28T10:49:24","guid":{"rendered":"https:\/\/www.stpprojects.es\/politica-de-seguridad-de-la-informacion\/"},"modified":"2024-02-28T11:49:24","modified_gmt":"2024-02-28T10:49:24","slug":"politica-de-seguridad-de-la-informacion","status":"publish","type":"page","link":"https:\/\/www.stpprojects.es\/en\/politica-de-seguridad-de-la-informacion\/","title":{"rendered":"Pol\u00edtica de Seguridad de la Informaci\u00f3n"},"content":{"rendered":"<h1>Pol\u00edtica de Seguridad de la Informaci\u00f3n<\/h1>\n<p>La Direcci\u00f3n de STP Group Technology &amp; Consulting, consciente de la necesidad de disponer de un Sistema de Gesti\u00f3n de Seguridad de la Informaci\u00f3n que nos permita garantizar la seguridad de la informaci\u00f3n conforme a los requisitos de nuestros clientes, proveedores, colaboradores, la reglamentaci\u00f3n vigente y dem\u00e1s partes interesadas, ha cre\u00eddo oportuno definir la presente Pol\u00edtica de Seguridad de la Informaci\u00f3n basada en unos principios sobre los cuales se debe fundamentar el sistema.<\/p>\n<p>&nbsp;<\/p>\n<h2><strong>Principios<\/strong>:<\/h2>\n<p><strong>Confidencialidad <\/strong>de los datos facilitados por clientes, colaboradores, proveedores y dem\u00e1s partes interesadas, asegurando la protecci\u00f3n de datos personales, la privacidad y secreto de la propiedad industrial, as\u00ed como la dem\u00e1s informaci\u00f3n acordada como confidencial.<\/p>\n<p><strong>Integridad <\/strong>de los datos e informaci\u00f3n necesaria para satisfacer los requisitos con las partes interesadas.<\/p>\n<p>&nbsp;<\/p>\n<p><strong>Disponibilidad <\/strong>de los datos e informaci\u00f3n necesaria para satisfacer los requisitos con las partes interesadas en el momento que sea requerido.<\/p>\n<p>&nbsp;<\/p>\n<p><strong>Conformidad <\/strong>con las obligaciones contractuales, legales y el estado de la tecnolog\u00eda.<\/p>\n<p><strong>Mejora continua <\/strong>en la reducci\u00f3n de los riesgos de seguridad de la informaci\u00f3n y establecimientos de objetivos de seguridad conforme a los compromisos de la presente pol\u00edtica.<\/p>\n<p>&nbsp;<\/p>\n<p>En definitiva nuestro lema es:<\/p>\n<p>&nbsp;<\/p>\n<p style=\"text-align: center;\"><strong>La seguridad de la informaci\u00f3n no es solo un proceso<\/strong><\/p>\n<p style=\"text-align: center;\"><strong>tecnol\u00f3gico, sino que es un proceso organizacional con la<\/strong><\/p>\n<p style=\"text-align: center;\"><strong>necesidad de aplicarle mejora continua<\/strong><\/p>\n<p>\u00a0Sr. Rafael Alvar\u00e9z &#8211; Direcci\u00f3n General<\/p>\n<p><strong>STP Group Technology &amp; Consultin<\/strong><\/p>\n","protected":false},"excerpt":{"rendered":"<p>Pol\u00edtica de Seguridad de la Informaci\u00f3n La Direcci\u00f3n de STP Group Technology &amp; Consulting, consciente de la necesidad de disponer de un [&hellip;]<\/p>\n","protected":false},"author":1,"featured_media":0,"parent":0,"menu_order":0,"comment_status":"closed","ping_status":"closed","template":"","meta":{"footnotes":""},"class_list":["post-2177","page","type-page","status-publish","hentry"],"_links":{"self":[{"href":"https:\/\/www.stpprojects.es\/en\/wp-json\/wp\/v2\/pages\/2177","targetHints":{"allow":["GET"]}}],"collection":[{"href":"https:\/\/www.stpprojects.es\/en\/wp-json\/wp\/v2\/pages"}],"about":[{"href":"https:\/\/www.stpprojects.es\/en\/wp-json\/wp\/v2\/types\/page"}],"author":[{"embeddable":true,"href":"https:\/\/www.stpprojects.es\/en\/wp-json\/wp\/v2\/users\/1"}],"replies":[{"embeddable":true,"href":"https:\/\/www.stpprojects.es\/en\/wp-json\/wp\/v2\/comments?post=2177"}],"version-history":[{"count":0,"href":"https:\/\/www.stpprojects.es\/en\/wp-json\/wp\/v2\/pages\/2177\/revisions"}],"wp:attachment":[{"href":"https:\/\/www.stpprojects.es\/en\/wp-json\/wp\/v2\/media?parent=2177"}],"curies":[{"name":"wp","href":"https:\/\/api.w.org\/{rel}","templated":true}]}}