{"id":2308,"date":"2026-02-20T12:55:04","date_gmt":"2026-02-20T11:55:04","guid":{"rendered":"https:\/\/www.stpprojects.es\/politica-de-proteccion-de-datos\/"},"modified":"2026-02-20T12:56:00","modified_gmt":"2026-02-20T11:56:00","slug":"data-protection-policy","status":"publish","type":"page","link":"https:\/\/www.stpprojects.es\/en\/data-protection-policy\/","title":{"rendered":"Data protection policy"},"content":{"rendered":"<h2>Pol\u00edtica de protecci\u00f3n de datos<\/h2>\n<p>En cumplimiento del RGPD (UE) 2016\/679 Reglamento General de Protecci\u00f3n de Datos Personales y de la Ley Org\u00e1nica 3\/2018, de 5 de diciembre, de Protecci\u00f3n de Datos Personales y garant\u00eda de los derechos digitales, le informamos que STP Projects es titular de este sitio web y responsable de los datos de car\u00e1cter personal suministrados por los usuarios, y por ello le informa de lo siguiente:<\/p>\n<p>El sitio\u00a0<a href=\"http:\/\/www.stpprojects.es\">www.stpprojects.es<\/a>\u00a0 no solicita datos personales para su acceso. La comunicaci\u00f3n de datos personales por el usuario a trav\u00e9s de nuestro sitio web \u00fanicamente puede entenderse que tendr\u00e1 lugar cuando \u00e9stos voluntariamente utilicen el formulario de contacto o trabaje con nosotros. La finalidad de los datos obtenidos es la de facilitarle la informaci\u00f3n requerida acerca de los servicios ofrecidos por STP Projects, o el proceso de selecci\u00f3n de personal, respectivamente.<\/p>\n<p>En cualquiera de los casos anteriormente descritos con el env\u00edo de correos electr\u00f3nicos u otras comunicaciones a STP Projects, el usuario presta su consentimiento expreso al tratamiento de sus datos de car\u00e1cter personal y a recibir comunicaciones acerca los servicios ofrecidos por STP Projects y las consultas realizadas, aceptando expresa e inequ\u00edvocamente asimismo que puedan ser cedidos sus datos, exclusivamente para las finalidades que se han descrito en el p\u00e1rrafo anterior, a sociedades directamente relacionadas con STP Projects.<\/p>\n<p>En ning\u00fan caso STP Projects utilizar\u00e1 los datos personales facilitados por el interesado para fines distintos de los anteriormente mencionados.<\/p>\n<p>Del mismo modo le comunicamos que puede ejercitar sus derechos de acceso, rectificaci\u00f3n, cancelaci\u00f3n y oposici\u00f3n al fichero mediante el env\u00edo por correo certificado de su solicitud por escrito a la siguiente direcci\u00f3n:<\/p>\n<p>Ref.: LOPD<br \/>\nIdentidad: STP PROJECTS<br \/>\nDirecci\u00f3n: Avda. Can Batllori 08840 Viladecans<\/p>\n<p><a href=\"mailto:NA@stpprojects.es\">NA@stpprojects.es<\/a><\/p>\n<p>Asimismo, y especialmente si considera que no ha obtenido satisfacci\u00f3n plena en el ejercicio de sus derechos, podr\u00e1 presentar una reclamaci\u00f3n ante la autoridad nacional de control dirigi\u00e9ndose a estos efectos a la Agencia Espa\u00f1ola de Protecci\u00f3n de Datos, C\/ Jorge Juan, 6 \u2013 28001 Madrid<\/p>\n<p>Los datos facilitados ser\u00e1n conservados mientras no solicite su supresi\u00f3n. No obstante, cuando nos solicite por los medios establecidos la supresi\u00f3n de sus datos, estos se mantendr\u00e1n debidamente bloqueados sin que los usemos, mientras puedan ser necesarios para el ejercicio o defensa de reclamaciones o pueda derivarse de su tratamiento alg\u00fan tipo de responsabilidad legal o contractual para lo cual sea necesaria su recuperaci\u00f3n. Una vez transcurrido este plazo de tiempo, los datos ser\u00e1n eliminados definitivamente.<\/p>\n","protected":false},"excerpt":{"rendered":"<p>Pol\u00edtica de protecci\u00f3n de datos En cumplimiento del RGPD (UE) 2016\/679 Reglamento General de Protecci\u00f3n de Datos Personales y de la Ley [&hellip;]<\/p>\n","protected":false},"author":1,"featured_media":0,"parent":0,"menu_order":0,"comment_status":"closed","ping_status":"closed","template":"","meta":{"footnotes":""},"class_list":["post-2308","page","type-page","status-publish","hentry"],"_links":{"self":[{"href":"https:\/\/www.stpprojects.es\/en\/wp-json\/wp\/v2\/pages\/2308","targetHints":{"allow":["GET"]}}],"collection":[{"href":"https:\/\/www.stpprojects.es\/en\/wp-json\/wp\/v2\/pages"}],"about":[{"href":"https:\/\/www.stpprojects.es\/en\/wp-json\/wp\/v2\/types\/page"}],"author":[{"embeddable":true,"href":"https:\/\/www.stpprojects.es\/en\/wp-json\/wp\/v2\/users\/1"}],"replies":[{"embeddable":true,"href":"https:\/\/www.stpprojects.es\/en\/wp-json\/wp\/v2\/comments?post=2308"}],"version-history":[{"count":1,"href":"https:\/\/www.stpprojects.es\/en\/wp-json\/wp\/v2\/pages\/2308\/revisions"}],"predecessor-version":[{"id":2309,"href":"https:\/\/www.stpprojects.es\/en\/wp-json\/wp\/v2\/pages\/2308\/revisions\/2309"}],"wp:attachment":[{"href":"https:\/\/www.stpprojects.es\/en\/wp-json\/wp\/v2\/media?parent=2308"}],"curies":[{"name":"wp","href":"https:\/\/api.w.org\/{rel}","templated":true}]}}